{"id":137,"date":"2025-02-13T16:03:06","date_gmt":"2025-02-13T16:03:06","guid":{"rendered":"https:\/\/hrinternational.rs\/?page_id=137"},"modified":"2025-02-13T16:03:12","modified_gmt":"2025-02-13T16:03:12","slug":"o-nama","status":"publish","type":"page","link":"https:\/\/hrinternational.rs\/?page_id=137","title":{"rendered":"O nama"},"content":{"rendered":"\t\t<div data-elementor-type=\"wp-page\" data-elementor-id=\"137\" class=\"elementor elementor-137\" data-elementor-post-type=\"page\">\n\t\t\t\t<div class=\"elementor-element elementor-element-7d2f754e e-flex e-con-boxed elementor-invisible e-con e-parent\" data-id=\"7d2f754e\" data-element_type=\"container\" data-e-type=\"container\" data-settings=\"{&quot;background_background&quot;:&quot;classic&quot;,&quot;animation&quot;:&quot;fadeIn&quot;}\">\n\t\t\t\t\t<div class=\"e-con-inner\">\n\t\t\t\t<div class=\"elementor-element elementor-element-3cfb9202 elementor-invisible elementor-widget elementor-widget-heading\" data-id=\"3cfb9202\" data-element_type=\"widget\" data-e-type=\"widget\" data-settings=\"{&quot;_animation&quot;:&quot;fadeIn&quot;,&quot;_animation_delay&quot;:300}\" data-widget_type=\"heading.default\">\n\t\t\t\t<div class=\"elementor-widget-container\">\n\t\t\t\t\t<h1 class=\"elementor-heading-title elementor-size-default\">O Nama<\/h1>\t\t\t\t<\/div>\n\t\t\t\t<\/div>\n\t\t\t\t<div class=\"elementor-element elementor-element-66009ad0 elementor-invisible elementor-widget elementor-widget-text-editor\" data-id=\"66009ad0\" data-element_type=\"widget\" data-e-type=\"widget\" data-settings=\"{&quot;_animation&quot;:&quot;fadeIn&quot;,&quot;_animation_delay&quot;:500}\" data-widget_type=\"text-editor.default\">\n\t\t\t\t<div class=\"elementor-widget-container\">\n\t\t\t\t\t\t\t\t\t<p>HR International d.o.o. je vode\u0107a agencija specijalizovana za zapo\u0161ljavanje stranih radnika u Srbiji.<\/p>\t\t\t\t\t\t\t\t<\/div>\n\t\t\t\t<\/div>\n\t\t\t\t\t<\/div>\n\t\t\t\t<\/div>\n\t\t<div class=\"elementor-element elementor-element-6f0d1ff4 e-flex e-con-boxed e-con e-parent\" data-id=\"6f0d1ff4\" data-element_type=\"container\" data-e-type=\"container\">\n\t\t\t\t\t<div class=\"e-con-inner\">\n\t\t\t\t<div class=\"elementor-element elementor-element-54821665 elementor-widget elementor-widget-heading\" data-id=\"54821665\" data-element_type=\"widget\" data-e-type=\"widget\" data-settings=\"{&quot;motion_fx_motion_fx_scrolling&quot;:&quot;yes&quot;,&quot;motion_fx_scale_effect&quot;:&quot;yes&quot;,&quot;motion_fx_scale_direction&quot;:&quot;in-out&quot;,&quot;motion_fx_scale_speed&quot;:{&quot;unit&quot;:&quot;px&quot;,&quot;size&quot;:2,&quot;sizes&quot;:[]},&quot;motion_fx_scale_range&quot;:{&quot;unit&quot;:&quot;%&quot;,&quot;size&quot;:&quot;&quot;,&quot;sizes&quot;:{&quot;start&quot;:46,&quot;end&quot;:84}},&quot;motion_fx_devices&quot;:[&quot;desktop&quot;,&quot;tablet&quot;,&quot;mobile&quot;]}\" data-widget_type=\"heading.default\">\n\t\t\t\t<div class=\"elementor-widget-container\">\n\t\t\t\t\t<h2 class=\"elementor-heading-title elementor-size-default\">Na\u0161 Tim<\/h2>\t\t\t\t<\/div>\n\t\t\t\t<\/div>\n\t\t\t\t\t<\/div>\n\t\t\t\t<\/div>\n\t\t<div class=\"elementor-element elementor-element-6c4ef746 e-flex e-con-boxed e-con e-parent\" data-id=\"6c4ef746\" data-element_type=\"container\" data-e-type=\"container\">\n\t\t\t\t\t<div class=\"e-con-inner\">\n\t\t\t\t<div class=\"elementor-element elementor-element-65e84d3c elementor-widget elementor-widget-image\" data-id=\"65e84d3c\" data-element_type=\"widget\" data-e-type=\"widget\" data-settings=\"{&quot;motion_fx_motion_fx_scrolling&quot;:&quot;yes&quot;,&quot;motion_fx_devices&quot;:[&quot;desktop&quot;,&quot;tablet&quot;,&quot;mobile&quot;]}\" data-widget_type=\"image.default\">\n\t\t\t\t<div class=\"elementor-widget-container\">\n\t\t\t\t\t\t\t\t\t\t\t\t\t\t\t<img fetchpriority=\"high\" decoding=\"async\" width=\"500\" height=\"156\" src=\"https:\/\/hrinternational.rs\/wp-content\/uploads\/2025\/02\/Nas-tim-slika-copy.webp\" class=\"attachment-large size-large wp-image-127\" alt=\"\" srcset=\"https:\/\/hrinternational.rs\/wp-content\/uploads\/2025\/02\/Nas-tim-slika-copy.webp 500w, https:\/\/hrinternational.rs\/wp-content\/uploads\/2025\/02\/Nas-tim-slika-copy-300x94.webp 300w\" sizes=\"(max-width: 500px) 100vw, 500px\" \/>\t\t\t\t\t\t\t\t\t\t\t\t\t\t\t<\/div>\n\t\t\t\t<\/div>\n\t\t\t\t\t<\/div>\n\t\t\t\t<\/div>\n\t\t<div class=\"elementor-element elementor-element-438118e3 e-flex e-con-boxed e-con e-parent\" data-id=\"438118e3\" data-element_type=\"container\" data-e-type=\"container\">\n\t\t\t\t\t<div class=\"e-con-inner\">\n\t\t\t\t<div class=\"elementor-element elementor-element-4e24eef3 elementor-widget elementor-widget-heading\" data-id=\"4e24eef3\" data-element_type=\"widget\" data-e-type=\"widget\" data-settings=\"{&quot;motion_fx_motion_fx_scrolling&quot;:&quot;yes&quot;,&quot;motion_fx_devices&quot;:[&quot;desktop&quot;,&quot;tablet&quot;,&quot;mobile&quot;]}\" data-widget_type=\"heading.default\">\n\t\t\t\t<div class=\"elementor-widget-container\">\n\t\t\t\t\t<h3 class=\"elementor-heading-title elementor-size-default\">Iskusni profesionalci<\/h3>\t\t\t\t<\/div>\n\t\t\t\t<\/div>\n\t\t\t\t\t<\/div>\n\t\t\t\t<\/div>\n\t\t<div class=\"elementor-element elementor-element-671111bc e-flex e-con-boxed e-con e-parent\" data-id=\"671111bc\" data-element_type=\"container\" data-e-type=\"container\">\n\t\t\t\t\t<div class=\"e-con-inner\">\n\t\t\t\t<div class=\"elementor-element elementor-element-eb5fec6 elementor-widget elementor-widget-text-editor\" data-id=\"eb5fec6\" data-element_type=\"widget\" data-e-type=\"widget\" data-settings=\"{&quot;motion_fx_motion_fx_scrolling&quot;:&quot;yes&quot;,&quot;motion_fx_opacity_effect&quot;:&quot;yes&quot;,&quot;motion_fx_opacity_level&quot;:{&quot;unit&quot;:&quot;px&quot;,&quot;size&quot;:7.8,&quot;sizes&quot;:[]},&quot;motion_fx_opacity_range&quot;:{&quot;unit&quot;:&quot;%&quot;,&quot;size&quot;:&quot;&quot;,&quot;sizes&quot;:{&quot;start&quot;:20,&quot;end&quot;:75}},&quot;motion_fx_opacity_direction&quot;:&quot;out-in&quot;,&quot;motion_fx_devices&quot;:[&quot;desktop&quot;,&quot;tablet&quot;,&quot;mobile&quot;]}\" data-widget_type=\"text-editor.default\">\n\t\t\t\t<div class=\"elementor-widget-container\">\n\t\t\t\t\t\t\t\t\t<p>Na\u0161 tim stru\u010dnjaka ima vi\u0161egodi\u0161nje iskustvo u oblasti HR menad\u017ementa.<\/p>\t\t\t\t\t\t\t\t<\/div>\n\t\t\t\t<\/div>\n\t\t\t\t<div class=\"elementor-element elementor-element-1e1b75fb elementor-widget elementor-widget-spacer\" data-id=\"1e1b75fb\" data-element_type=\"widget\" data-e-type=\"widget\" data-widget_type=\"spacer.default\">\n\t\t\t\t<div class=\"elementor-widget-container\">\n\t\t\t\t\t\t\t<div class=\"elementor-spacer\">\n\t\t\t<div class=\"elementor-spacer-inner\"><\/div>\n\t\t<\/div>\n\t\t\t\t\t\t<\/div>\n\t\t\t\t<\/div>\n\t\t\t\t\t<\/div>\n\t\t\t\t<\/div>\n\t\t<div class=\"elementor-element elementor-element-3d9b4984 e-con-full e-flex e-con e-child\" data-id=\"3d9b4984\" data-element_type=\"container\" data-e-type=\"container\" data-settings=\"{&quot;background_background&quot;:&quot;classic&quot;,&quot;motion_fx_motion_fx_scrolling&quot;:&quot;yes&quot;,&quot;motion_fx_opacity_effect&quot;:&quot;yes&quot;,&quot;motion_fx_opacity_range&quot;:{&quot;unit&quot;:&quot;%&quot;,&quot;size&quot;:&quot;&quot;,&quot;sizes&quot;:{&quot;start&quot;:0,&quot;end&quot;:50}},&quot;motion_fx_scale_direction&quot;:&quot;in-out&quot;,&quot;motion_fx_scale_speed&quot;:{&quot;unit&quot;:&quot;px&quot;,&quot;size&quot;:-2,&quot;sizes&quot;:[]},&quot;motion_fx_opacity_level&quot;:{&quot;unit&quot;:&quot;px&quot;,&quot;size&quot;:7.3,&quot;sizes&quot;:[]},&quot;motion_fx_scale_effect&quot;:&quot;yes&quot;,&quot;motion_fx_scale_range&quot;:{&quot;unit&quot;:&quot;%&quot;,&quot;size&quot;:&quot;&quot;,&quot;sizes&quot;:{&quot;start&quot;:20,&quot;end&quot;:59}},&quot;motion_fx_opacity_direction&quot;:&quot;out-in&quot;,&quot;motion_fx_devices&quot;:[&quot;desktop&quot;,&quot;tablet&quot;,&quot;mobile&quot;]}\">\n\t\t\t\t<div class=\"elementor-element elementor-element-469c1816 elementor-widget elementor-widget-heading\" data-id=\"469c1816\" data-element_type=\"widget\" data-e-type=\"widget\" data-settings=\"{&quot;motion_fx_motion_fx_scrolling&quot;:&quot;yes&quot;,&quot;motion_fx_opacity_effect&quot;:&quot;yes&quot;,&quot;motion_fx_opacity_range&quot;:{&quot;unit&quot;:&quot;%&quot;,&quot;size&quot;:&quot;&quot;,&quot;sizes&quot;:{&quot;start&quot;:20,&quot;end&quot;:71}},&quot;motion_fx_opacity_direction&quot;:&quot;out-in&quot;,&quot;motion_fx_opacity_level&quot;:{&quot;unit&quot;:&quot;px&quot;,&quot;size&quot;:10,&quot;sizes&quot;:[]},&quot;motion_fx_devices&quot;:[&quot;desktop&quot;,&quot;tablet&quot;,&quot;mobile&quot;]}\" data-widget_type=\"heading.default\">\n\t\t\t\t<div class=\"elementor-widget-container\">\n\t\t\t\t\t<h3 class=\"elementor-heading-title elementor-size-default\">MISIJA<\/h3>\t\t\t\t<\/div>\n\t\t\t\t<\/div>\n\t\t\t\t<div class=\"elementor-element elementor-element-67a1560c elementor-widget elementor-widget-text-editor\" data-id=\"67a1560c\" data-element_type=\"widget\" data-e-type=\"widget\" data-settings=\"{&quot;motion_fx_motion_fx_scrolling&quot;:&quot;yes&quot;,&quot;motion_fx_opacity_effect&quot;:&quot;yes&quot;,&quot;motion_fx_opacity_range&quot;:{&quot;unit&quot;:&quot;%&quot;,&quot;size&quot;:&quot;&quot;,&quot;sizes&quot;:{&quot;start&quot;:20,&quot;end&quot;:50}},&quot;motion_fx_range&quot;:&quot;viewport&quot;,&quot;motion_fx_opacity_direction&quot;:&quot;out-in&quot;,&quot;motion_fx_opacity_level&quot;:{&quot;unit&quot;:&quot;px&quot;,&quot;size&quot;:10,&quot;sizes&quot;:[]},&quot;motion_fx_devices&quot;:[&quot;desktop&quot;,&quot;tablet&quot;,&quot;mobile&quot;]}\" data-widget_type=\"text-editor.default\">\n\t\t\t\t<div class=\"elementor-widget-container\">\n\t\t\t\t\t\t\t\t\t<p>Povezivanje kompanija sa najboljim kandidatima \u0161irom sveta.<\/p>\t\t\t\t\t\t\t\t<\/div>\n\t\t\t\t<\/div>\n\t\t\t\t<div class=\"elementor-element elementor-element-78fab365 elementor-widget elementor-widget-heading\" data-id=\"78fab365\" data-element_type=\"widget\" data-e-type=\"widget\" data-settings=\"{&quot;motion_fx_motion_fx_scrolling&quot;:&quot;yes&quot;,&quot;motion_fx_opacity_effect&quot;:&quot;yes&quot;,&quot;motion_fx_opacity_range&quot;:{&quot;unit&quot;:&quot;%&quot;,&quot;size&quot;:&quot;&quot;,&quot;sizes&quot;:{&quot;start&quot;:20,&quot;end&quot;:71}},&quot;motion_fx_opacity_direction&quot;:&quot;out-in&quot;,&quot;motion_fx_opacity_level&quot;:{&quot;unit&quot;:&quot;px&quot;,&quot;size&quot;:10,&quot;sizes&quot;:[]},&quot;motion_fx_devices&quot;:[&quot;desktop&quot;,&quot;tablet&quot;,&quot;mobile&quot;]}\" data-widget_type=\"heading.default\">\n\t\t\t\t<div class=\"elementor-widget-container\">\n\t\t\t\t\t<h3 class=\"elementor-heading-title elementor-size-default\">Vizija<\/h3>\t\t\t\t<\/div>\n\t\t\t\t<\/div>\n\t\t\t\t<div class=\"elementor-element elementor-element-443d9717 elementor-widget elementor-widget-text-editor\" data-id=\"443d9717\" data-element_type=\"widget\" data-e-type=\"widget\" data-settings=\"{&quot;motion_fx_motion_fx_scrolling&quot;:&quot;yes&quot;,&quot;motion_fx_opacity_effect&quot;:&quot;yes&quot;,&quot;motion_fx_opacity_range&quot;:{&quot;unit&quot;:&quot;%&quot;,&quot;size&quot;:&quot;&quot;,&quot;sizes&quot;:{&quot;start&quot;:20,&quot;end&quot;:50}},&quot;motion_fx_range&quot;:&quot;viewport&quot;,&quot;motion_fx_opacity_direction&quot;:&quot;out-in&quot;,&quot;motion_fx_opacity_level&quot;:{&quot;unit&quot;:&quot;px&quot;,&quot;size&quot;:10,&quot;sizes&quot;:[]},&quot;motion_fx_devices&quot;:[&quot;desktop&quot;,&quot;tablet&quot;,&quot;mobile&quot;]}\" data-widget_type=\"text-editor.default\">\n\t\t\t\t<div class=\"elementor-widget-container\">\n\t\t\t\t\t\t\t\t\t<p>Stvaranje globalne mre\u017ee talenata dostupne svim kompanijama u Srbiji.<\/p>\t\t\t\t\t\t\t\t<\/div>\n\t\t\t\t<\/div>\n\t\t\t\t<\/div>\n\t\t<div class=\"elementor-element elementor-element-21acbaba e-flex e-con-boxed e-con e-parent\" data-id=\"21acbaba\" data-element_type=\"container\" data-e-type=\"container\">\n\t\t\t\t\t<div class=\"e-con-inner\">\n\t\t\t\t<div class=\"elementor-element elementor-element-2d497173 elementor-widget elementor-widget-spacer\" data-id=\"2d497173\" data-element_type=\"widget\" data-e-type=\"widget\" data-widget_type=\"spacer.default\">\n\t\t\t\t<div class=\"elementor-widget-container\">\n\t\t\t\t\t\t\t<div class=\"elementor-spacer\">\n\t\t\t<div class=\"elementor-spacer-inner\"><\/div>\n\t\t<\/div>\n\t\t\t\t\t\t<\/div>\n\t\t\t\t<\/div>\n\t\t\t\t\t<\/div>\n\t\t\t\t<\/div>\n\t\t\t\t<\/div>\n\t\t","protected":false},"excerpt":{"rendered":"<p>O Nama HR International d.o.o. je vode\u0107a agencija specijalizovana za zapo\u0161ljavanje stranih radnika u Srbiji. Na\u0161 Tim Iskusni profesionalci Na\u0161 tim stru\u010dnjaka ima vi\u0161egodi\u0161nje iskustvo u oblasti HR menad\u017ementa. MISIJA Povezivanje kompanija sa najboljim kandidatima \u0161irom sveta. Vizija Stvaranje globalne mre\u017ee talenata dostupne svim kompanijama u Srbiji.<\/p>\n","protected":false},"author":1,"featured_media":140,"parent":0,"menu_order":0,"comment_status":"closed","ping_status":"closed","template":"","meta":{"footnotes":""},"class_list":["post-137","page","type-page","status-publish","has-post-thumbnail","hentry"],"yoast_head":"<!-- This site is optimized with the Yoast SEO plugin v24.4 - https:\/\/yoast.com\/wordpress\/plugins\/seo\/ -->\n<title>O nama - Dobrodo\u0161li U HR International<\/title>\n<meta name=\"robots\" content=\"index, follow, max-snippet:-1, max-image-preview:large, max-video-preview:-1\" \/>\n<link rel=\"canonical\" href=\"https:\/\/hrinternational.rs\/?page_id=137\" \/>\n<meta property=\"og:locale\" content=\"en_US\" \/>\n<meta property=\"og:type\" content=\"article\" \/>\n<meta property=\"og:title\" content=\"O nama - Dobrodo\u0161li U HR International\" \/>\n<meta property=\"og:description\" content=\"O Nama HR International d.o.o. je vode\u0107a agencija specijalizovana za zapo\u0161ljavanje stranih radnika u Srbiji. Na\u0161 Tim Iskusni profesionalci Na\u0161 tim stru\u010dnjaka ima vi\u0161egodi\u0161nje iskustvo u oblasti HR menad\u017ementa. MISIJA Povezivanje kompanija sa najboljim kandidatima \u0161irom sveta. Vizija Stvaranje globalne mre\u017ee talenata dostupne svim kompanijama u Srbiji.\" \/>\n<meta property=\"og:url\" content=\"https:\/\/hrinternational.rs\/?page_id=137\" \/>\n<meta property=\"og:site_name\" content=\"Dobrodo\u0161li U HR International\" \/>\n<meta property=\"article:modified_time\" content=\"2025-02-13T16:03:12+00:00\" \/>\n<meta property=\"og:image\" content=\"https:\/\/hrinternational.rs\/wp-content\/uploads\/2025\/02\/o-nama-2.jpg\" \/>\n\t<meta property=\"og:image:width\" content=\"2000\" \/>\n\t<meta property=\"og:image:height\" content=\"1125\" \/>\n\t<meta property=\"og:image:type\" content=\"image\/jpeg\" \/>\n<meta name=\"twitter:card\" content=\"summary_large_image\" \/>\n<script type=\"application\/ld+json\" class=\"yoast-schema-graph\">{\"@context\":\"https:\/\/schema.org\",\"@graph\":[{\"@type\":\"WebPage\",\"@id\":\"https:\/\/hrinternational.rs\/?page_id=137\",\"url\":\"https:\/\/hrinternational.rs\/?page_id=137\",\"name\":\"O nama - Dobrodo\u0161li U HR International\",\"isPartOf\":{\"@id\":\"https:\/\/hrinternational.rs\/#website\"},\"primaryImageOfPage\":{\"@id\":\"https:\/\/hrinternational.rs\/?page_id=137#primaryimage\"},\"image\":{\"@id\":\"https:\/\/hrinternational.rs\/?page_id=137#primaryimage\"},\"thumbnailUrl\":\"https:\/\/hrinternational.rs\/wp-content\/uploads\/2025\/02\/o-nama-2.jpg\",\"datePublished\":\"2025-02-13T16:03:06+00:00\",\"dateModified\":\"2025-02-13T16:03:12+00:00\",\"breadcrumb\":{\"@id\":\"https:\/\/hrinternational.rs\/?page_id=137#breadcrumb\"},\"inLanguage\":\"en-US\",\"potentialAction\":[{\"@type\":\"ReadAction\",\"target\":[\"https:\/\/hrinternational.rs\/?page_id=137\"]}]},{\"@type\":\"ImageObject\",\"inLanguage\":\"en-US\",\"@id\":\"https:\/\/hrinternational.rs\/?page_id=137#primaryimage\",\"url\":\"https:\/\/hrinternational.rs\/wp-content\/uploads\/2025\/02\/o-nama-2.jpg\",\"contentUrl\":\"https:\/\/hrinternational.rs\/wp-content\/uploads\/2025\/02\/o-nama-2.jpg\",\"width\":2000,\"height\":1125},{\"@type\":\"BreadcrumbList\",\"@id\":\"https:\/\/hrinternational.rs\/?page_id=137#breadcrumb\",\"itemListElement\":[{\"@type\":\"ListItem\",\"position\":1,\"name\":\"Home\",\"item\":\"https:\/\/hrinternational.rs\/\"},{\"@type\":\"ListItem\",\"position\":2,\"name\":\"O nama\"}]},{\"@type\":\"WebSite\",\"@id\":\"https:\/\/hrinternational.rs\/#website\",\"url\":\"https:\/\/hrinternational.rs\/\",\"name\":\"Dobrodo\u0161li U HR International\",\"description\":\"\",\"publisher\":{\"@id\":\"https:\/\/hrinternational.rs\/#organization\"},\"potentialAction\":[{\"@type\":\"SearchAction\",\"target\":{\"@type\":\"EntryPoint\",\"urlTemplate\":\"https:\/\/hrinternational.rs\/?s={search_term_string}\"},\"query-input\":{\"@type\":\"PropertyValueSpecification\",\"valueRequired\":true,\"valueName\":\"search_term_string\"}}],\"inLanguage\":\"en-US\"},{\"@type\":\"Organization\",\"@id\":\"https:\/\/hrinternational.rs\/#organization\",\"name\":\"Dobrodo\u0161li U HR International\",\"url\":\"https:\/\/hrinternational.rs\/\",\"logo\":{\"@type\":\"ImageObject\",\"inLanguage\":\"en-US\",\"@id\":\"https:\/\/hrinternational.rs\/#\/schema\/logo\/image\/\",\"url\":\"https:\/\/hrinternational.rs\/wp-content\/uploads\/2025\/02\/LogoBeliHR.svg\",\"contentUrl\":\"https:\/\/hrinternational.rs\/wp-content\/uploads\/2025\/02\/LogoBeliHR.svg\",\"width\":408,\"height\":149,\"caption\":\"Dobrodo\u0161li U HR International\"},\"image\":{\"@id\":\"https:\/\/hrinternational.rs\/#\/schema\/logo\/image\/\"}}]}<\/script>\n<!-- \/ Yoast SEO plugin. -->","yoast_head_json":{"title":"O nama - Dobrodo\u0161li U HR International","robots":{"index":"index","follow":"follow","max-snippet":"max-snippet:-1","max-image-preview":"max-image-preview:large","max-video-preview":"max-video-preview:-1"},"canonical":"https:\/\/hrinternational.rs\/?page_id=137","og_locale":"en_US","og_type":"article","og_title":"O nama - Dobrodo\u0161li U HR International","og_description":"O Nama HR International d.o.o. je vode\u0107a agencija specijalizovana za zapo\u0161ljavanje stranih radnika u Srbiji. Na\u0161 Tim Iskusni profesionalci Na\u0161 tim stru\u010dnjaka ima vi\u0161egodi\u0161nje iskustvo u oblasti HR menad\u017ementa. MISIJA Povezivanje kompanija sa najboljim kandidatima \u0161irom sveta. Vizija Stvaranje globalne mre\u017ee talenata dostupne svim kompanijama u Srbiji.","og_url":"https:\/\/hrinternational.rs\/?page_id=137","og_site_name":"Dobrodo\u0161li U HR International","article_modified_time":"2025-02-13T16:03:12+00:00","og_image":[{"width":2000,"height":1125,"url":"https:\/\/hrinternational.rs\/wp-content\/uploads\/2025\/02\/o-nama-2.jpg","type":"image\/jpeg"}],"twitter_card":"summary_large_image","schema":{"@context":"https:\/\/schema.org","@graph":[{"@type":"WebPage","@id":"https:\/\/hrinternational.rs\/?page_id=137","url":"https:\/\/hrinternational.rs\/?page_id=137","name":"O nama - Dobrodo\u0161li U HR International","isPartOf":{"@id":"https:\/\/hrinternational.rs\/#website"},"primaryImageOfPage":{"@id":"https:\/\/hrinternational.rs\/?page_id=137#primaryimage"},"image":{"@id":"https:\/\/hrinternational.rs\/?page_id=137#primaryimage"},"thumbnailUrl":"https:\/\/hrinternational.rs\/wp-content\/uploads\/2025\/02\/o-nama-2.jpg","datePublished":"2025-02-13T16:03:06+00:00","dateModified":"2025-02-13T16:03:12+00:00","breadcrumb":{"@id":"https:\/\/hrinternational.rs\/?page_id=137#breadcrumb"},"inLanguage":"en-US","potentialAction":[{"@type":"ReadAction","target":["https:\/\/hrinternational.rs\/?page_id=137"]}]},{"@type":"ImageObject","inLanguage":"en-US","@id":"https:\/\/hrinternational.rs\/?page_id=137#primaryimage","url":"https:\/\/hrinternational.rs\/wp-content\/uploads\/2025\/02\/o-nama-2.jpg","contentUrl":"https:\/\/hrinternational.rs\/wp-content\/uploads\/2025\/02\/o-nama-2.jpg","width":2000,"height":1125},{"@type":"BreadcrumbList","@id":"https:\/\/hrinternational.rs\/?page_id=137#breadcrumb","itemListElement":[{"@type":"ListItem","position":1,"name":"Home","item":"https:\/\/hrinternational.rs\/"},{"@type":"ListItem","position":2,"name":"O nama"}]},{"@type":"WebSite","@id":"https:\/\/hrinternational.rs\/#website","url":"https:\/\/hrinternational.rs\/","name":"Dobrodo\u0161li U HR International","description":"","publisher":{"@id":"https:\/\/hrinternational.rs\/#organization"},"potentialAction":[{"@type":"SearchAction","target":{"@type":"EntryPoint","urlTemplate":"https:\/\/hrinternational.rs\/?s={search_term_string}"},"query-input":{"@type":"PropertyValueSpecification","valueRequired":true,"valueName":"search_term_string"}}],"inLanguage":"en-US"},{"@type":"Organization","@id":"https:\/\/hrinternational.rs\/#organization","name":"Dobrodo\u0161li U HR International","url":"https:\/\/hrinternational.rs\/","logo":{"@type":"ImageObject","inLanguage":"en-US","@id":"https:\/\/hrinternational.rs\/#\/schema\/logo\/image\/","url":"https:\/\/hrinternational.rs\/wp-content\/uploads\/2025\/02\/LogoBeliHR.svg","contentUrl":"https:\/\/hrinternational.rs\/wp-content\/uploads\/2025\/02\/LogoBeliHR.svg","width":408,"height":149,"caption":"Dobrodo\u0161li U HR International"},"image":{"@id":"https:\/\/hrinternational.rs\/#\/schema\/logo\/image\/"}}]}},"_links":{"self":[{"href":"https:\/\/hrinternational.rs\/index.php?rest_route=\/wp\/v2\/pages\/137","targetHints":{"allow":["GET"]}}],"collection":[{"href":"https:\/\/hrinternational.rs\/index.php?rest_route=\/wp\/v2\/pages"}],"about":[{"href":"https:\/\/hrinternational.rs\/index.php?rest_route=\/wp\/v2\/types\/page"}],"author":[{"embeddable":true,"href":"https:\/\/hrinternational.rs\/index.php?rest_route=\/wp\/v2\/users\/1"}],"replies":[{"embeddable":true,"href":"https:\/\/hrinternational.rs\/index.php?rest_route=%2Fwp%2Fv2%2Fcomments&post=137"}],"version-history":[{"count":4,"href":"https:\/\/hrinternational.rs\/index.php?rest_route=\/wp\/v2\/pages\/137\/revisions"}],"predecessor-version":[{"id":200,"href":"https:\/\/hrinternational.rs\/index.php?rest_route=\/wp\/v2\/pages\/137\/revisions\/200"}],"wp:featuredmedia":[{"embeddable":true,"href":"https:\/\/hrinternational.rs\/index.php?rest_route=\/wp\/v2\/media\/140"}],"wp:attachment":[{"href":"https:\/\/hrinternational.rs\/index.php?rest_route=%2Fwp%2Fv2%2Fmedia&parent=137"}],"curies":[{"name":"wp","href":"https:\/\/api.w.org\/{rel}","templated":true}]}}